{"id":8186,"date":"2024-09-17T10:52:58","date_gmt":"2024-09-17T10:52:58","guid":{"rendered":"https:\/\/marlene-bhv.de\/?page_id=8186"},"modified":"2025-02-14T14:33:52","modified_gmt":"2025-02-14T14:33:52","slug":"8186-2","status":"publish","type":"page","link":"https:\/\/marlene-bhv.de\/","title":{"rendered":"Kontakt"},"content":{"rendered":"<div class=\"wpb-content-wrapper\"><p>[vc_row][vc_column]\n\t\t\t\t<p class=\"rs-p-wp-fix\"><\/p>\n\t\t\t\t<sr7-module data-alias=\"slider-1\" data-id=\"1\" id=\"SR7_1_1\" class=\"rs-ov-hidden\" data-version=\"6.7.38\">\n\t\t\t\t\t<sr7-adjuster><\/sr7-adjuster>\n\t\t\t\t\t<sr7-content>\n\t\t\t\t\t\t<sr7-slide id=\"SR7_1_1-1\" data-key=\"1\">\n\t\t\t\t\t\t<\/sr7-slide>\n\t\t\t\t\t\t<sr7-slide id=\"SR7_1_1-6\" data-key=\"6\">\n\t\t\t\t\t\t<\/sr7-slide>\n\t\t\t\t\t\t<sr7-slide id=\"SR7_1_1-2\" data-key=\"2\">\n\t\t\t\t\t\t<\/sr7-slide>\n\t\t\t\t\t<\/sr7-content>\n\t\t\t\t\t<image_lists style=\"display:none\">\n\t\t\t\t\t\t<img data-src=\"\/\/marlene-bhv.de\/wp-content\/uploads\/2024\/09\/Marlene-Bar.jpg\" data-libid=\"8273\" data-lib=\"medialibrary\" title=\"Marlene Bar\" width=\"0\" height=\"0\" data-dbsrc=\"Ly9tYXJsZW5lLWJodi5kZS93cC1jb250ZW50L3VwbG9hZHMvMjAyNC8wOS9NYXJsZW5lLUJhci5qcGc=\"\/>\n\t\t\t\t\t\t<img data-src=\"\/\/marlene-bhv.de\/wp-content\/uploads\/2024\/09\/cropped-Logo-Marlene-e1726574884645.gif\" data-libid=\"7605\" data-lib=\"medialibrary\" title=\"cropped-Logo-Marlene.gif\" width=\"0\" height=\"0\" data-dbsrc=\"Ly9tYXJsZW5lLWJodi5kZS93cC1jb250ZW50L3VwbG9hZHMvMjAyNC8wOS9jcm9wcGVkLUxvZ28tTWFybGVuZS1lMTcyNjU3NDg4NDY0NS5naWY=\"\/>\n\t\t\t\t\t\t<img data-src=\"\/\/marlene-bhv.de\/wp-content\/uploads\/2024\/09\/Marlene-Bar-02.jpg\" data-libid=\"8274\" data-lib=\"medialibrary\" title=\"Marlene Bar 02\" width=\"0\" height=\"0\" data-dbsrc=\"Ly9tYXJsZW5lLWJodi5kZS93cC1jb250ZW50L3VwbG9hZHMvMjAyNC8wOS9NYXJsZW5lLUJhci0wMi5qcGc=\"\/>\n\t\t\t\t\t<\/image_lists>\n\t\t\t\t<\/sr7-module>\n\t\t\t\t<script>\n\t\t\t\t\tSR7.PMH ??={}; SR7.PMH[\"SR7_1_1\"] = {cn:100,state:false,fn: function() { if (_tpt!==undefined && _tpt.prepareModuleHeight !== undefined) {  _tpt.prepareModuleHeight({id:\"SR7_1_1\",el:[450,450,768,960,720],type:'standard',shdw:'0',gh:[450,450,288,219,135],gw:[1600,1600,1024,778,480],vpt:['100px'],size:{fullWidth:true, fullHeight:false},mh:'0',onh:0,onw:0,bg:{color:'{\"orig\":\"transparent\",\"type\":\"solid\",\"string\":\"transparent\"}'}});   SR7.PMH[\"SR7_1_1\"].state=true;} else if(SR7.PMH[\"SR7_1_1\"].cn-->0)\tsetTimeout( SR7.PMH[\"SR7_1_1\"].fn,19);}};SR7.PMH[\"SR7_1_1\" ].fn();\n\t\t\t\t<\/script>\n<div class=\"ult-spacer spacer-69fb3ec5f3a87\" data-id=\"69fb3ec5f3a87\" data-height=\"10\" data-height-mobile=\"10\" data-height-tab=\"10\" data-height-tab-portrait=\"\" data-height-mobile-landscape=\"\" style=\"clear:both;display:block;\"><\/div>[\/vc_column][\/vc_row][vc_row][vc_column][vc_custom_heading text=&#8220;Was liegt Dir auf dem Herzen \u2013 Kontakt?&#8220; font_container=&#8220;tag:h2|text_align:center|color:%23883c68&#8243; google_fonts=&#8220;font_family:Abel%3Aregular|font_style:400%20regular%3A400%3Anormal&#8220; css=&#8220;&#8220;][vc_column_text css=&#8220;&#8220;]<\/p>\n<p style=\"text-align: center;\">Trete mit uns in Kontakt und teile mit, was wir f\u00fcr Dich tun k\u00f6nnen! Wir freuen uns auf alle Fragen die Du uns stellen m\u00f6chtest.<br \/>\nWie w\u00e4re es mit mehr Informationen zu einem\u00a0Pizza-Catering? Oder einem\u00a0Cocktail-Workshop als Firmenfeier?<\/p>\n<p style=\"text-align: center;\">Wir nehmen uns f\u00fcr jede Anfrage die n\u00f6tige Zeit um uns bei Euch zur\u00fcckzumelden.<br \/>\nWir freuen uns auf Deine Nachricht und bis bald!<\/p>\n<p>[\/vc_column_text]\n<div class=\"wpcf7 no-js\" id=\"wpcf7-f5-o1\" lang=\"de-DE\" dir=\"ltr\" data-wpcf7-id=\"5\">\n<div class=\"screen-reader-response\"><p role=\"status\" aria-live=\"polite\" aria-atomic=\"true\"><\/p> <ul><\/ul><\/div>\n<form action=\"\/index.php\/wp-json\/wp\/v2\/pages\/8186#wpcf7-f5-o1\" method=\"post\" class=\"wpcf7-form init\" aria-label=\"Kontaktformular\" novalidate=\"novalidate\" data-status=\"init\">\n<fieldset class=\"hidden-fields-container\"><input type=\"hidden\" name=\"_wpcf7\" value=\"5\" \/><input type=\"hidden\" name=\"_wpcf7_version\" value=\"6.1.5\" \/><input type=\"hidden\" name=\"_wpcf7_locale\" value=\"de_DE\" \/><input type=\"hidden\" name=\"_wpcf7_unit_tag\" value=\"wpcf7-f5-o1\" \/><input type=\"hidden\" name=\"_wpcf7_container_post\" value=\"0\" \/><input type=\"hidden\" name=\"_wpcf7_posted_data_hash\" value=\"\" \/><input type=\"hidden\" name=\"_wpcf7_recaptcha_response\" value=\"\" \/>\n<\/fieldset>\n<p><label> Dein Name<br \/>\n<span class=\"wpcf7-form-control-wrap\" data-name=\"your-name\"><input size=\"40\" maxlength=\"400\" class=\"wpcf7-form-control wpcf7-text wpcf7-validates-as-required\" autocomplete=\"name\" aria-required=\"true\" aria-invalid=\"false\" value=\"\" type=\"text\" name=\"your-name\" \/><\/span> <\/label>\n<\/p>\n<p><label> Deine E-Mail-Adresse<br \/>\n<span class=\"wpcf7-form-control-wrap\" data-name=\"your-email\"><input size=\"40\" maxlength=\"400\" class=\"wpcf7-form-control wpcf7-email wpcf7-validates-as-required wpcf7-text wpcf7-validates-as-email\" autocomplete=\"email\" aria-required=\"true\" aria-invalid=\"false\" value=\"\" type=\"email\" name=\"your-email\" \/><\/span> <\/label>\n<\/p>\n<p><label> Deine Telefonnummer (Pflichtfeld)<br \/>\n<span class=\"wpcf7-form-control-wrap\" data-name=\"your-Phone\"><input size=\"40\" maxlength=\"400\" class=\"wpcf7-form-control wpcf7-text wpcf7-validates-as-required\" aria-required=\"true\" aria-invalid=\"false\" value=\"\" type=\"text\" name=\"your-Phone\" \/><\/span> <\/label>\n<\/p>\n<p><label> Betreff<br \/>\n<span class=\"wpcf7-form-control-wrap\" data-name=\"your-subject\"><input size=\"40\" maxlength=\"400\" class=\"wpcf7-form-control wpcf7-text wpcf7-validates-as-required\" aria-required=\"true\" aria-invalid=\"false\" value=\"\" type=\"text\" name=\"your-subject\" \/><\/span> <\/label>\n<\/p>\n<p><label> Deine Nachricht (optional)<br \/>\n<span class=\"wpcf7-form-control-wrap\" data-name=\"your-message\"><textarea cols=\"40\" rows=\"10\" maxlength=\"2000\" class=\"wpcf7-form-control wpcf7-textarea\" aria-invalid=\"false\" name=\"your-message\"><\/textarea><\/span> <\/label>\n<\/p>\n<p><input class=\"wpcf7-form-control wpcf7-submit has-spinner\" type=\"submit\" value=\"Senden\" \/>\n<\/p><input type='hidden' class='wpcf7-pum' value='{\"closepopup\":false,\"closedelay\":0,\"openpopup\":false,\"openpopup_id\":0}' \/><div class=\"wpcf7-response-output\" aria-hidden=\"true\"><\/div>\n<\/form>\n<\/div>\n[\/vc_column][\/vc_row][vc_row][vc_column][vc_custom_heading text=&#8220;So finden Sie uns&#8220; font_container=&#8220;tag:h2|text_align:center|color:%23883c68&#8243; google_fonts=&#8220;font_family:Abel%3Aregular|font_style:400%20regular%3A400%3Anormal&#8220; css=&#8220;&#8220;][vc_gmaps link=&#8220;#E-8_JTNDaWZyYW1lJTIwd2lkdGglM0QlMjI1MjAlMjIlMjBoZWlnaHQlM0QlMjI0MDAlMjIlMjBmcmFtZWJvcmRlciUzRCUyMjAlMjIlMjBzY3JvbGxpbmclM0QlMjJubyUyMiUyMG1hcmdpbmhlaWdodCUzRCUyMjAlMjIlMjBtYXJnaW53aWR0aCUzRCUyMjAlMjIlMjBpZCUzRCUyMmdtYXBfY2FudmFzJTIyJTIwc3JjJTNEJTIyaHR0cHMlM0ElMkYlMkZtYXBzLmdvb2dsZS5jb20lMkZtYXBzJTNGd2lkdGglM0Q1MjAlMjZoZWlnaHQlM0Q0MDAlMjZobCUzRGVuJTI2cSUzRFRoZW9kb3ItSGV1c3MtUGxhdHolMjUyMDglMjUyMEJyZW1lcmhhdmVuJTJCJTI4UmVzdGF1cmFudCUyNTIwTWFybGVuZSUyOSUyNnQlM0QlMjZ6JTNEMTclMjZpZSUzRFVURjglMjZpd2xvYyUzREIlMjZvdXRwdXQlM0RlbWJlZCUyMiUzRSUzQyUyRmlmcmFtZSUzRSUyMCUzQ2ElMjBocmVmJTNEJTI3aHR0cHMlM0ElMkYlMkZ3d3cubGViZW5zdmVyc2ljaGVydW5nc3ZlcmdsZWljaC5hdCUyRiUyNyUzRUxlYmVuc3ZlcnNpY2hlcnVuZ3N2ZXJnbGVpY2guYXQlM0MlMkZhJTNFJTIwJTNDc2NyaXB0JTIwdHlwZSUzRCUyN3RleHQlMkZqYXZhc2NyaXB0JTI3JTIwc3JjJTNEJTI3aHR0cHMlM0ElMkYlMkZlbWJlZG1hcHMuY29tJTJGZ29vZ2xlLW1hcHMtYXV0aG9yaXphdGlvbiUyRnNjcmlwdC5qcyUzRmlkJTNEODg4ZDgzZjExZTg1YzI0NzM3NGNhNWQwNTg3OTljYzYzOTg2YzFhMSUyNyUzRSUzQyUyRnNjcmlwdCUzRQ==&#8220; css=&#8220;&#8220;][\/vc_column][\/vc_row]<\/p>\n<\/div>","protected":false},"excerpt":{"rendered":"<p>[vc_row][vc_column][\/vc_column][\/vc_row][vc_row][vc_column][vc_custom_heading text=&#8220;Was liegt Dir auf dem Herzen \u2013 Kontakt?&#8220; font_container=&#8220;tag:h2|text_align:center|color:%23883c68&#8243; google_fonts=&#8220;font_family:Abel%3Aregular|font_style:400%20regular%3A400%3Anormal&#8220; css=&#8220;&#8220;][vc_column_text css=&#8220;&#8220;] Trete mit uns in Kontakt und teile mit, was wir f\u00fcr Dich tun k\u00f6nnen! Wir freuen uns auf alle Fragen die Du uns stellen m\u00f6chtest. Wie w\u00e4re es mit mehr Informationen zu einem\u00a0Pizza-Catering? Oder einem\u00a0Cocktail-Workshop als Firmenfeier? Wir nehmen uns f\u00fcr jede&hellip;<\/p>\n","protected":false},"author":1,"featured_media":0,"parent":0,"menu_order":0,"comment_status":"closed","ping_status":"closed","template":"","meta":{"footnotes":""},"class_list":["post-8186","page","type-page","status-publish","hentry","description-off"],"yoast_head":"<!-- This site is optimized with the Yoast SEO plugin v27.5 - https:\/\/yoast.com\/product\/yoast-seo-wordpress\/ -->\n<title>Kontakt - Marlene Bremerhaven am Stadttheater<\/title>\n<meta name=\"robots\" content=\"index, follow, max-snippet:-1, max-image-preview:large, max-video-preview:-1\" \/>\n<link rel=\"canonical\" href=\"https:\/\/marlene-bhv.de\/\" \/>\n<meta property=\"og:locale\" content=\"de_DE\" \/>\n<meta property=\"og:type\" content=\"article\" \/>\n<meta property=\"og:title\" content=\"Kontakt - Marlene Bremerhaven am Stadttheater\" \/>\n<meta property=\"og:description\" content=\"[vc_row][vc_column][\/vc_column][\/vc_row][vc_row][vc_column][vc_custom_heading text=&#8220;Was liegt Dir auf dem Herzen \u2013 Kontakt?&#8220; font_container=&#8220;tag:h2|text_align:center|color:%23883c68&#8243; google_fonts=&#8220;font_family:Abel%3Aregular|font_style:400%20regular%3A400%3Anormal&#8220; css=&#8220;&#8220;][vc_column_text css=&#8220;&#8220;] Trete mit uns in Kontakt und teile mit, was wir f\u00fcr Dich tun k\u00f6nnen! Wir freuen uns auf alle Fragen die Du uns stellen m\u00f6chtest. Wie w\u00e4re es mit mehr Informationen zu einem\u00a0Pizza-Catering? Oder einem\u00a0Cocktail-Workshop als Firmenfeier? Wir nehmen uns f\u00fcr jede&hellip;\" \/>\n<meta property=\"og:url\" content=\"https:\/\/marlene-bhv.de\/\" \/>\n<meta property=\"og:site_name\" content=\"Marlene Bremerhaven am Stadttheater\" \/>\n<meta property=\"article:modified_time\" content=\"2025-02-14T14:33:52+00:00\" \/>\n<meta name=\"twitter:card\" content=\"summary_large_image\" \/>\n<meta name=\"twitter:label1\" content=\"Gesch\u00e4tzte Lesezeit\" \/>\n\t<meta name=\"twitter:data1\" content=\"1\u00a0Minute\" \/>\n<script type=\"application\/ld+json\" class=\"yoast-schema-graph\">{\"@context\":\"https:\\\/\\\/schema.org\",\"@graph\":[{\"@type\":\"WebPage\",\"@id\":\"https:\\\/\\\/marlene-bhv.de\\\/\",\"url\":\"https:\\\/\\\/marlene-bhv.de\\\/\",\"name\":\"Kontakt - Marlene Bremerhaven am Stadttheater\",\"isPartOf\":{\"@id\":\"https:\\\/\\\/marlene-bhv.de\\\/#website\"},\"datePublished\":\"2024-09-17T10:52:58+00:00\",\"dateModified\":\"2025-02-14T14:33:52+00:00\",\"breadcrumb\":{\"@id\":\"https:\\\/\\\/marlene-bhv.de\\\/#breadcrumb\"},\"inLanguage\":\"de\",\"potentialAction\":[{\"@type\":\"ReadAction\",\"target\":[\"https:\\\/\\\/marlene-bhv.de\\\/\"]}]},{\"@type\":\"BreadcrumbList\",\"@id\":\"https:\\\/\\\/marlene-bhv.de\\\/#breadcrumb\",\"itemListElement\":[{\"@type\":\"ListItem\",\"position\":1,\"name\":\"Startseite\",\"item\":\"https:\\\/\\\/marlene-bhv.de\\\/\"},{\"@type\":\"ListItem\",\"position\":2,\"name\":\"Kontakt\"}]},{\"@type\":\"WebSite\",\"@id\":\"https:\\\/\\\/marlene-bhv.de\\\/#website\",\"url\":\"https:\\\/\\\/marlene-bhv.de\\\/\",\"name\":\"Marlene Bremerhaven am Stadttheater\",\"description\":\"Steaks | Pizza | Pasta | Cocktailbar\",\"potentialAction\":[{\"@type\":\"SearchAction\",\"target\":{\"@type\":\"EntryPoint\",\"urlTemplate\":\"https:\\\/\\\/marlene-bhv.de\\\/?s={search_term_string}\"},\"query-input\":{\"@type\":\"PropertyValueSpecification\",\"valueRequired\":true,\"valueName\":\"search_term_string\"}}],\"inLanguage\":\"de\"}]}<\/script>\n<!-- \/ Yoast SEO plugin. -->","yoast_head_json":{"title":"Kontakt - Marlene Bremerhaven am Stadttheater","robots":{"index":"index","follow":"follow","max-snippet":"max-snippet:-1","max-image-preview":"max-image-preview:large","max-video-preview":"max-video-preview:-1"},"canonical":"https:\/\/marlene-bhv.de\/","og_locale":"de_DE","og_type":"article","og_title":"Kontakt - Marlene Bremerhaven am Stadttheater","og_description":"[vc_row][vc_column][\/vc_column][\/vc_row][vc_row][vc_column][vc_custom_heading text=&#8220;Was liegt Dir auf dem Herzen \u2013 Kontakt?&#8220; font_container=&#8220;tag:h2|text_align:center|color:%23883c68&#8243; google_fonts=&#8220;font_family:Abel%3Aregular|font_style:400%20regular%3A400%3Anormal&#8220; css=&#8220;&#8220;][vc_column_text css=&#8220;&#8220;] Trete mit uns in Kontakt und teile mit, was wir f\u00fcr Dich tun k\u00f6nnen! Wir freuen uns auf alle Fragen die Du uns stellen m\u00f6chtest. Wie w\u00e4re es mit mehr Informationen zu einem\u00a0Pizza-Catering? Oder einem\u00a0Cocktail-Workshop als Firmenfeier? Wir nehmen uns f\u00fcr jede&hellip;","og_url":"https:\/\/marlene-bhv.de\/","og_site_name":"Marlene Bremerhaven am Stadttheater","article_modified_time":"2025-02-14T14:33:52+00:00","twitter_card":"summary_large_image","twitter_misc":{"Gesch\u00e4tzte Lesezeit":"1\u00a0Minute"},"schema":{"@context":"https:\/\/schema.org","@graph":[{"@type":"WebPage","@id":"https:\/\/marlene-bhv.de\/","url":"https:\/\/marlene-bhv.de\/","name":"Kontakt - Marlene Bremerhaven am Stadttheater","isPartOf":{"@id":"https:\/\/marlene-bhv.de\/#website"},"datePublished":"2024-09-17T10:52:58+00:00","dateModified":"2025-02-14T14:33:52+00:00","breadcrumb":{"@id":"https:\/\/marlene-bhv.de\/#breadcrumb"},"inLanguage":"de","potentialAction":[{"@type":"ReadAction","target":["https:\/\/marlene-bhv.de\/"]}]},{"@type":"BreadcrumbList","@id":"https:\/\/marlene-bhv.de\/#breadcrumb","itemListElement":[{"@type":"ListItem","position":1,"name":"Startseite","item":"https:\/\/marlene-bhv.de\/"},{"@type":"ListItem","position":2,"name":"Kontakt"}]},{"@type":"WebSite","@id":"https:\/\/marlene-bhv.de\/#website","url":"https:\/\/marlene-bhv.de\/","name":"Marlene Bremerhaven am Stadttheater","description":"Steaks | Pizza | Pasta | Cocktailbar","potentialAction":[{"@type":"SearchAction","target":{"@type":"EntryPoint","urlTemplate":"https:\/\/marlene-bhv.de\/?s={search_term_string}"},"query-input":{"@type":"PropertyValueSpecification","valueRequired":true,"valueName":"search_term_string"}}],"inLanguage":"de"}]}},"_links":{"self":[{"href":"https:\/\/marlene-bhv.de\/index.php\/wp-json\/wp\/v2\/pages\/8186","targetHints":{"allow":["GET"]}}],"collection":[{"href":"https:\/\/marlene-bhv.de\/index.php\/wp-json\/wp\/v2\/pages"}],"about":[{"href":"https:\/\/marlene-bhv.de\/index.php\/wp-json\/wp\/v2\/types\/page"}],"author":[{"embeddable":true,"href":"https:\/\/marlene-bhv.de\/index.php\/wp-json\/wp\/v2\/users\/1"}],"replies":[{"embeddable":true,"href":"https:\/\/marlene-bhv.de\/index.php\/wp-json\/wp\/v2\/comments?post=8186"}],"version-history":[{"count":19,"href":"https:\/\/marlene-bhv.de\/index.php\/wp-json\/wp\/v2\/pages\/8186\/revisions"}],"predecessor-version":[{"id":8557,"href":"https:\/\/marlene-bhv.de\/index.php\/wp-json\/wp\/v2\/pages\/8186\/revisions\/8557"}],"wp:attachment":[{"href":"https:\/\/marlene-bhv.de\/index.php\/wp-json\/wp\/v2\/media?parent=8186"}],"curies":[{"name":"wp","href":"https:\/\/api.w.org\/{rel}","templated":true}]}}